{"id":608,"date":"2025-02-04T16:52:45","date_gmt":"2025-02-04T15:52:45","guid":{"rendered":"https:\/\/plomberie-chauffage-orly.fr\/?page_id=608"},"modified":"2025-02-05T12:22:54","modified_gmt":"2025-02-05T11:22:54","slug":"mentions-legales","status":"publish","type":"page","link":"https:\/\/plomberie-chauffage-orly.fr\/?page_id=608","title":{"rendered":"Mentions l\u00e9gales"},"content":{"rendered":"\t\t<div data-elementor-type=\"wp-page\" data-elementor-id=\"608\" class=\"elementor elementor-608\">\n\t\t\t\t<div class=\"elementor-element elementor-element-5b3f121 e-flex e-con-boxed wpr-particle-no wpr-jarallax-no wpr-parallax-no wpr-sticky-section-no e-con e-parent\" data-id=\"5b3f121\" data-element_type=\"container\">\n\t\t\t\t\t<div class=\"e-con-inner\">\n\t\t\t\t<div class=\"elementor-element elementor-element-dfd578c elementor-widget elementor-widget-heading\" data-id=\"dfd578c\" data-element_type=\"widget\" data-widget_type=\"heading.default\">\n\t\t\t\t<div class=\"elementor-widget-container\">\n\t\t\t\t\t<h2 class=\"elementor-heading-title elementor-size-default\">Mentions l\u00e9gales <\/h2>\t\t\t\t<\/div>\n\t\t\t\t<\/div>\n\t\t\t\t\t<\/div>\n\t\t\t\t<\/div>\n\t\t<div class=\"elementor-element elementor-element-356780f e-flex e-con-boxed wpr-particle-no wpr-jarallax-no wpr-parallax-no wpr-sticky-section-no e-con e-parent\" data-id=\"356780f\" data-element_type=\"container\">\n\t\t\t\t\t<div class=\"e-con-inner\">\n\t\t\t\t<div class=\"elementor-element elementor-element-93ed8d6 elementor-widget elementor-widget-text-editor\" data-id=\"93ed8d6\" data-element_type=\"widget\" data-widget_type=\"text-editor.default\">\n\t\t\t\t<div class=\"elementor-widget-container\">\n\t\t\t\t\t\t\t\t\t<p><span style=\"text-decoration: underline;\"><span style=\"color: #000000; text-decoration: underline;\"><a style=\"color: #000000; text-decoration: underline;\" href=\"https:\/\/fr.wikipedia.org\/wiki\/%C3%89\">\u00c9<\/a>diteur<\/span><\/span><\/p><p>Le site internet \u00abhttps:\/\/plomberie-chauffage-orly.fr\u00bb est \u00e9dit\u00e9 par Monsieur Rui Da Silva, pr\u00e9sident de la Soci\u00e9t\u00e9 par Actions Simplifi\u00e9e Unipersonnelle immatricul\u00e9e au Registre national des entreprises sous le num\u00e9ro 979\u00a0495 173. Son si\u00e8ge social est situ\u00e9 24 rue Ernest de la Tour 94310 Orly.<\/p><p>Le Directeur de la Publication est Monsieur Rui Da Silva.<\/p><p>E-mail :\u00a0 sr.dasilva02@gmail.com<\/p><p>T\u00e9l\u00e9phone\u00a0: 06.09.95.05.21<\/p><p><strong>Directeur de la publication\u00a0:<\/strong><\/p><p>Monsieur Rui Da Silva, pr\u00e9sident de la Soci\u00e9t\u00e9 par Actions Simplifi\u00e9e Unipersonnelle immatricul\u00e9e au Registre national des entreprises sous le num\u00e9ro 979\u00a0495 173. Son si\u00e8ge social est situ\u00e9 24 rue Ernest de la Tour 94310 Orly.<\/p><p><strong>Cr\u00e9dit photos :<\/strong><\/p><p>Monsieur Rui Da Silva, pr\u00e9sident de la Soci\u00e9t\u00e9 par Actions Simplifi\u00e9e Unipersonnelle immatricul\u00e9e au Registre national des entreprises sous le num\u00e9ro 979\u00a0495 173. Son si\u00e8ge social est situ\u00e9 24 rue Ernest de la Tour 94310 Orly.<\/p><p><span style=\"text-decoration: underline;\"><span style=\"color: #000000;\"><span style=\"color: #000000;\">h\u00e9bergement<\/span><\/span><\/span><\/p><p>Le pr\u00e9sent site internet est h\u00e9berg\u00e9\u00a0par la soci\u00e9t\u00e9 :<\/p><p>OVH<\/p><p>SAS au capital de 50 000 000 \u20ac<\/p><p>RCS Lille M\u00e9tropole 424 761 419 00045<br \/>Si\u00e8ge social : 2 rue Kellermann &#8211; 59100 Roubaix &#8211; France<\/p>\t\t\t\t\t\t\t\t<\/div>\n\t\t\t\t<\/div>\n\t\t\t\t\t<\/div>\n\t\t\t\t<\/div>\n\t\t\t\t<\/div>\n\t\t","protected":false},"excerpt":{"rendered":"<p>Mentions l\u00e9gales \u00c9diteur Le site internet \u00abhttps:\/\/plomberie-chauffage-orly.fr\u00bb est \u00e9dit\u00e9 par Monsieur Rui Da Silva, pr\u00e9sident de la Soci\u00e9t\u00e9 par Actions Simplifi\u00e9e Unipersonnelle immatricul\u00e9e au Registre national des entreprises sous le num\u00e9ro 979\u00a0495 173. Son si\u00e8ge social est situ\u00e9 24 rue Ernest de la Tour 94310 Orly. Le Directeur de la Publication est Monsieur Rui Da Silva. E-mail :\u00a0 sr.dasilva02@gmail.com T\u00e9l\u00e9phone\u00a0: 06.09.95.05.21 Directeur de la publication\u00a0: Monsieur Rui Da Silva, pr\u00e9sident de la Soci\u00e9t\u00e9 par Actions Simplifi\u00e9e Unipersonnelle immatricul\u00e9e au Registre national des entreprises sous le num\u00e9ro 979\u00a0495 173. Son si\u00e8ge social est situ\u00e9 24 rue Ernest de la Tour 94310 Orly. Cr\u00e9dit photos : Monsieur Rui Da Silva, pr\u00e9sident de la Soci\u00e9t\u00e9 par Actions Simplifi\u00e9e Unipersonnelle immatricul\u00e9e au Registre national des entreprises sous le num\u00e9ro 979\u00a0495 173. Son si\u00e8ge social est situ\u00e9 24 rue Ernest de la Tour 94310 Orly. h\u00e9bergement Le pr\u00e9sent site internet est h\u00e9berg\u00e9\u00a0par la soci\u00e9t\u00e9 : OVH SAS au capital de 50 000 000 \u20ac RCS Lille M\u00e9tropole 424 761 419 00045Si\u00e8ge social : 2 rue Kellermann &#8211; 59100 Roubaix &#8211; France<\/p>\n","protected":false},"author":1,"featured_media":0,"parent":0,"menu_order":0,"comment_status":"closed","ping_status":"closed","template":"","meta":{"site-sidebar-layout":"no-sidebar","site-content-layout":"","ast-site-content-layout":"full-width-container","site-content-style":"default","site-sidebar-style":"default","ast-global-header-display":"","ast-banner-title-visibility":"","ast-main-header-display":"","ast-hfb-above-header-display":"","ast-hfb-below-header-display":"","ast-hfb-mobile-header-display":"","site-post-title":"disabled","ast-breadcrumbs-content":"","ast-featured-img":"disabled","footer-sml-layout":"","theme-transparent-header-meta":"","adv-header-id-meta":"","stick-header-meta":"","header-above-stick-meta":"","header-main-stick-meta":"","header-below-stick-meta":"","astra-migrate-meta-layouts":"default","ast-page-background-enabled":"default","ast-page-background-meta":{"desktop":{"background-color":"var(--ast-global-color-5)","background-image":"","background-repeat":"repeat","background-position":"center center","background-size":"auto","background-attachment":"scroll","background-type":"","background-media":"","overlay-type":"","overlay-color":"","overlay-opacity":"","overlay-gradient":""},"tablet":{"background-color":"","background-image":"","background-repeat":"repeat","background-position":"center center","background-size":"auto","background-attachment":"scroll","background-type":"","background-media":"","overlay-type":"","overlay-color":"","overlay-opacity":"","overlay-gradient":""},"mobile":{"background-color":"","background-image":"","background-repeat":"repeat","background-position":"center center","background-size":"auto","background-attachment":"scroll","background-type":"","background-media":"","overlay-type":"","overlay-color":"","overlay-opacity":"","overlay-gradient":""}},"ast-content-background-meta":{"desktop":{"background-color":"var(--ast-global-color-4)","background-image":"","background-repeat":"repeat","background-position":"center center","background-size":"auto","background-attachment":"scroll","background-type":"","background-media":"","overlay-type":"","overlay-color":"","overlay-opacity":"","overlay-gradient":""},"tablet":{"background-color":"var(--ast-global-color-4)","background-image":"","background-repeat":"repeat","background-position":"center center","background-size":"auto","background-attachment":"scroll","background-type":"","background-media":"","overlay-type":"","overlay-color":"","overlay-opacity":"","overlay-gradient":""},"mobile":{"background-color":"var(--ast-global-color-4)","background-image":"","background-repeat":"repeat","background-position":"center center","background-size":"auto","background-attachment":"scroll","background-type":"","background-media":"","overlay-type":"","overlay-color":"","overlay-opacity":"","overlay-gradient":""}},"footnotes":""},"class_list":["post-608","page","type-page","status-publish","hentry"],"yoast_head":"<!-- This site is optimized with the Yoast SEO plugin v24.3 - https:\/\/yoast.com\/wordpress\/plugins\/seo\/ -->\n<title>Mentions l\u00e9gales -<\/title>\n<meta name=\"description\" content=\"Mentions l\u00e9gales : d\u00e9couvrez les informations sur l&#039;\u00e9diteur, l&#039;h\u00e9bergeur et les conditions d&#039;utilisation de notre site.\" \/>\n<meta name=\"robots\" content=\"index, follow, max-snippet:-1, max-image-preview:large, max-video-preview:-1\" \/>\n<link rel=\"canonical\" href=\"https:\/\/plomberie-chauffage-orly.fr\/?page_id=608\" \/>\n<meta property=\"og:locale\" content=\"en_US\" \/>\n<meta property=\"og:type\" content=\"article\" \/>\n<meta property=\"og:title\" content=\"Mentions l\u00e9gales -\" \/>\n<meta property=\"og:description\" content=\"Mentions l\u00e9gales : d\u00e9couvrez les informations sur l&#039;\u00e9diteur, l&#039;h\u00e9bergeur et les conditions d&#039;utilisation de notre site.\" \/>\n<meta property=\"og:url\" content=\"https:\/\/plomberie-chauffage-orly.fr\/?page_id=608\" \/>\n<meta property=\"article:modified_time\" content=\"2025-02-05T11:22:54+00:00\" \/>\n<meta name=\"twitter:card\" content=\"summary_large_image\" \/>\n<meta name=\"twitter:label1\" content=\"Est. reading time\" \/>\n\t<meta name=\"twitter:data1\" content=\"1 minute\" \/>\n<script type=\"application\/ld+json\" class=\"yoast-schema-graph\">{\"@context\":\"https:\/\/schema.org\",\"@graph\":[{\"@type\":\"WebPage\",\"@id\":\"https:\/\/plomberie-chauffage-orly.fr\/?page_id=608\",\"url\":\"https:\/\/plomberie-chauffage-orly.fr\/?page_id=608\",\"name\":\"Mentions l\u00e9gales -\",\"isPartOf\":{\"@id\":\"https:\/\/plomberie-chauffage-orly.fr\/#website\"},\"datePublished\":\"2025-02-04T15:52:45+00:00\",\"dateModified\":\"2025-02-05T11:22:54+00:00\",\"description\":\"Mentions l\u00e9gales : d\u00e9couvrez les informations sur l'\u00e9diteur, l'h\u00e9bergeur et les conditions d'utilisation de notre site.\",\"breadcrumb\":{\"@id\":\"https:\/\/plomberie-chauffage-orly.fr\/?page_id=608#breadcrumb\"},\"inLanguage\":\"en-US\",\"potentialAction\":[{\"@type\":\"ReadAction\",\"target\":[\"https:\/\/plomberie-chauffage-orly.fr\/?page_id=608\"]}]},{\"@type\":\"BreadcrumbList\",\"@id\":\"https:\/\/plomberie-chauffage-orly.fr\/?page_id=608#breadcrumb\",\"itemListElement\":[{\"@type\":\"ListItem\",\"position\":1,\"name\":\"Accueil\",\"item\":\"https:\/\/plomberie-chauffage-orly.fr\/\"},{\"@type\":\"ListItem\",\"position\":2,\"name\":\"Mentions l\u00e9gales\"}]},{\"@type\":\"WebSite\",\"@id\":\"https:\/\/plomberie-chauffage-orly.fr\/#website\",\"url\":\"https:\/\/plomberie-chauffage-orly.fr\/\",\"name\":\"\",\"description\":\"\",\"potentialAction\":[{\"@type\":\"SearchAction\",\"target\":{\"@type\":\"EntryPoint\",\"urlTemplate\":\"https:\/\/plomberie-chauffage-orly.fr\/?s={search_term_string}\"},\"query-input\":{\"@type\":\"PropertyValueSpecification\",\"valueRequired\":true,\"valueName\":\"search_term_string\"}}],\"inLanguage\":\"en-US\"}]}<\/script>\n<!-- \/ Yoast SEO plugin. -->","yoast_head_json":{"title":"Mentions l\u00e9gales -","description":"Mentions l\u00e9gales : d\u00e9couvrez les informations sur l'\u00e9diteur, l'h\u00e9bergeur et les conditions d'utilisation de notre site.","robots":{"index":"index","follow":"follow","max-snippet":"max-snippet:-1","max-image-preview":"max-image-preview:large","max-video-preview":"max-video-preview:-1"},"canonical":"https:\/\/plomberie-chauffage-orly.fr\/?page_id=608","og_locale":"en_US","og_type":"article","og_title":"Mentions l\u00e9gales -","og_description":"Mentions l\u00e9gales : d\u00e9couvrez les informations sur l'\u00e9diteur, l'h\u00e9bergeur et les conditions d'utilisation de notre site.","og_url":"https:\/\/plomberie-chauffage-orly.fr\/?page_id=608","article_modified_time":"2025-02-05T11:22:54+00:00","twitter_card":"summary_large_image","twitter_misc":{"Est. reading time":"1 minute"},"schema":{"@context":"https:\/\/schema.org","@graph":[{"@type":"WebPage","@id":"https:\/\/plomberie-chauffage-orly.fr\/?page_id=608","url":"https:\/\/plomberie-chauffage-orly.fr\/?page_id=608","name":"Mentions l\u00e9gales -","isPartOf":{"@id":"https:\/\/plomberie-chauffage-orly.fr\/#website"},"datePublished":"2025-02-04T15:52:45+00:00","dateModified":"2025-02-05T11:22:54+00:00","description":"Mentions l\u00e9gales : d\u00e9couvrez les informations sur l'\u00e9diteur, l'h\u00e9bergeur et les conditions d'utilisation de notre site.","breadcrumb":{"@id":"https:\/\/plomberie-chauffage-orly.fr\/?page_id=608#breadcrumb"},"inLanguage":"en-US","potentialAction":[{"@type":"ReadAction","target":["https:\/\/plomberie-chauffage-orly.fr\/?page_id=608"]}]},{"@type":"BreadcrumbList","@id":"https:\/\/plomberie-chauffage-orly.fr\/?page_id=608#breadcrumb","itemListElement":[{"@type":"ListItem","position":1,"name":"Accueil","item":"https:\/\/plomberie-chauffage-orly.fr\/"},{"@type":"ListItem","position":2,"name":"Mentions l\u00e9gales"}]},{"@type":"WebSite","@id":"https:\/\/plomberie-chauffage-orly.fr\/#website","url":"https:\/\/plomberie-chauffage-orly.fr\/","name":"","description":"","potentialAction":[{"@type":"SearchAction","target":{"@type":"EntryPoint","urlTemplate":"https:\/\/plomberie-chauffage-orly.fr\/?s={search_term_string}"},"query-input":{"@type":"PropertyValueSpecification","valueRequired":true,"valueName":"search_term_string"}}],"inLanguage":"en-US"}]}},"_links":{"self":[{"href":"https:\/\/plomberie-chauffage-orly.fr\/index.php?rest_route=\/wp\/v2\/pages\/608","targetHints":{"allow":["GET"]}}],"collection":[{"href":"https:\/\/plomberie-chauffage-orly.fr\/index.php?rest_route=\/wp\/v2\/pages"}],"about":[{"href":"https:\/\/plomberie-chauffage-orly.fr\/index.php?rest_route=\/wp\/v2\/types\/page"}],"author":[{"embeddable":true,"href":"https:\/\/plomberie-chauffage-orly.fr\/index.php?rest_route=\/wp\/v2\/users\/1"}],"replies":[{"embeddable":true,"href":"https:\/\/plomberie-chauffage-orly.fr\/index.php?rest_route=%2Fwp%2Fv2%2Fcomments&post=608"}],"version-history":[{"count":4,"href":"https:\/\/plomberie-chauffage-orly.fr\/index.php?rest_route=\/wp\/v2\/pages\/608\/revisions"}],"predecessor-version":[{"id":613,"href":"https:\/\/plomberie-chauffage-orly.fr\/index.php?rest_route=\/wp\/v2\/pages\/608\/revisions\/613"}],"wp:attachment":[{"href":"https:\/\/plomberie-chauffage-orly.fr\/index.php?rest_route=%2Fwp%2Fv2%2Fmedia&parent=608"}],"curies":[{"name":"wp","href":"https:\/\/api.w.org\/{rel}","templated":true}]}}